{"id":10,"date":"2026-05-04T14:21:20","date_gmt":"2026-05-04T14:21:20","guid":{"rendered":"http:\/\/www.ilgikombiyedekparca.com\/?page_id=10"},"modified":"2026-05-05T10:33:04","modified_gmt":"2026-05-05T10:33:04","slug":"sepet","status":"publish","type":"page","link":"https:\/\/ilgikombiyedekparca.com\/?page_id=10","title":{"rendered":"Sepet"},"content":{"rendered":"\n<div data-block-name=\"woocommerce\/cart\" class=\"wp-block-woocommerce-cart alignwide is-loading\">\n<div data-block-name=\"woocommerce\/filled-cart-block\" class=\"wp-block-woocommerce-filled-cart-block\">\n<div data-block-name=\"woocommerce\/cart-items-block\" class=\"wp-block-woocommerce-cart-items-block\">\n<div data-block-name=\"woocommerce\/cart-line-items-block\" class=\"wp-block-woocommerce-cart-line-items-block\"><\/div>\n\n\n<\/div>\n\n\n\n\n<div data-block-name=\"woocommerce\/cart-totals-block\" class=\"wp-block-woocommerce-cart-totals-block\">\n<div data-block-name=\"woocommerce\/cart-order-summary-block\" class=\"wp-block-woocommerce-cart-order-summary-block\">\n<div data-block-name=\"woocommerce\/cart-order-summary-heading-block\" class=\"wp-block-woocommerce-cart-order-summary-heading-block\"><\/div><div data-block-name=\"woocommerce\/cart-order-summary-coupon-form-block\" class=\"wp-block-woocommerce-cart-order-summary-coupon-form-block\"><\/div><div data-block-name=\"woocommerce\/cart-order-summary-totals-block\" class=\"wp-block-woocommerce-cart-order-summary-totals-block\">\n<div data-block-name=\"woocommerce\/cart-order-summary-subtotal-block\" class=\"wp-block-woocommerce-cart-order-summary-subtotal-block\"><\/div>\n<div data-block-name=\"woocommerce\/cart-order-summary-discount-block\" class=\"wp-block-woocommerce-cart-order-summary-discount-block\"><\/div>\n<div data-block-name=\"woocommerce\/cart-order-summary-fee-block\" class=\"wp-block-woocommerce-cart-order-summary-fee-block\"><\/div>\n<div data-block-name=\"woocommerce\/cart-order-summary-shipping-block\" class=\"wp-block-woocommerce-cart-order-summary-shipping-block\"><\/div>\n<div data-block-name=\"woocommerce\/cart-order-summary-taxes-block\" class=\"wp-block-woocommerce-cart-order-summary-taxes-block\"><\/div><\/div>\n<\/div>\n\n\n\n<div data-block-name=\"woocommerce\/cart-express-payment-block\" class=\"wp-block-woocommerce-cart-express-payment-block\"><\/div>\n\n\n\n<div data-block-name=\"woocommerce\/proceed-to-checkout-block\" class=\"wp-block-woocommerce-proceed-to-checkout-block\"><\/div>\n\n\n\n<div data-block-name=\"woocommerce\/cart-accepted-payment-methods-block\" class=\"wp-block-woocommerce-cart-accepted-payment-methods-block\"><\/div>\n<\/div>\n<\/div>\n\n\n\n<div data-block-name=\"woocommerce\/empty-cart-block\" class=\"wp-block-woocommerce-empty-cart-block\">\n<h2 class=\"wp-block-heading has-text-align-center with-empty-cart-icon wc-block-cart__empty-cart__title\">Sepetiniz \u015fu anda bo\u015f!<\/h2>\n\n\n\n<hr class=\"wp-block-separator has-alpha-channel-opacity is-style-dots\"\/>\n\n\n\n<h2 class=\"wp-block-heading has-text-align-center\">Ma\u011fazada yeni<\/h2>\n\n\n<div data-block-name=\"woocommerce\/product-new\" data-columns=\"4\" data-rows=\"1\" class=\"wc-block-grid wp-block-product-new wp-block-woocommerce-product-new wc-block-product-new has-4-columns\"><ul class=\"wc-block-grid__products\"><li class=\"wc-block-grid__product\">\n\t\t\t\t<a href=\"https:\/\/ilgikombiyedekparca.com\/?product=sigma-845-gaz-valfi\" class=\"wc-block-grid__product-link\">\n\t\t\t\t\t<div class=\"wc-block-grid__product-onsale\">\n\t\t\t<span aria-hidden=\"true\">\u0130ndirim<\/span>\n\t\t\t<span class=\"screen-reader-text\">\u0130ndirimdeki \u00fcr\u00fcn<\/span>\n\t\t<\/div>\n\t\t\t\t\t<div class=\"wc-block-grid__product-image\"><img loading=\"lazy\" decoding=\"async\" width=\"300\" height=\"300\" src=\"https:\/\/ilgikombiyedekparca.com\/wp-content\/uploads\/2026\/05\/sigma-845-gaz-valf-220-vold-300x300.png\" class=\"attachment-woocommerce_thumbnail size-woocommerce_thumbnail\" alt=\"Sigma 845 Gaz valfi\" srcset=\"https:\/\/ilgikombiyedekparca.com\/wp-content\/uploads\/2026\/05\/sigma-845-gaz-valf-220-vold-300x300.png 300w, https:\/\/ilgikombiyedekparca.com\/wp-content\/uploads\/2026\/05\/sigma-845-gaz-valf-220-vold-150x150.png 150w, https:\/\/ilgikombiyedekparca.com\/wp-content\/uploads\/2026\/05\/sigma-845-gaz-valf-220-vold-100x100.png 100w\" sizes=\"auto, (max-width: 300px) 100vw, 300px\" \/><\/div>\n\t\t\t\t\t<div class=\"wc-block-grid__product-title\">Sigma 845 Gaz valfi<\/div>\n\t\t\t\t<\/a>\n\t\t\t\t<div class=\"wc-block-grid__product-price price\"><del aria-hidden=\"true\"><span class=\"woocommerce-Price-amount amount\"><span class=\"woocommerce-Price-currencySymbol\">&#8378;<\/span>1.800,00<\/span><\/del> <span class=\"screen-reader-text\">Orijinal fiyat: &#8378;1.800,00.<\/span><ins aria-hidden=\"true\"><span class=\"woocommerce-Price-amount amount\"><span class=\"woocommerce-Price-currencySymbol\">&#8378;<\/span>1.200,00<\/span><\/ins><span class=\"screen-reader-text\">\u015eu andaki fiyat: &#8378;1.200,00.<\/span><\/div>\n\t\t\t\t\n\t\t\t\t<div class=\"wp-block-button wc-block-grid__product-add-to-cart\"><a href=\"\/index.php?rest_route=%2Fwp%2Fv2%2Fpages%2F10&#038;add-to-cart=39\" aria-label=\"Sepete ekle: \u201cSigma 845 Gaz valfi\u201d\" data-quantity=\"1\" data-product_id=\"39\" data-product_sku=\"\" data-price=\"1200\" rel=\"nofollow\" class=\"wp-block-button__link wp-element-button add_to_cart_button ajax_add_to_cart\">Sepete Ekle<\/a><\/div>\n\t\t\t<\/li><li class=\"wc-block-grid__product\">\n\t\t\t\t<a href=\"https:\/\/ilgikombiyedekparca.com\/?product=e-c-a-proteus-anakarti-2\" class=\"wc-block-grid__product-link\">\n\t\t\t\t\t<div class=\"wc-block-grid__product-onsale\">\n\t\t\t<span aria-hidden=\"true\">\u0130ndirim<\/span>\n\t\t\t<span class=\"screen-reader-text\">\u0130ndirimdeki \u00fcr\u00fcn<\/span>\n\t\t<\/div>\n\t\t\t\t\t<div class=\"wc-block-grid__product-image\"><img loading=\"lazy\" decoding=\"async\" width=\"250\" height=\"200\" src=\"https:\/\/ilgikombiyedekparca.com\/wp-content\/uploads\/2026\/05\/ECA-PROTEUS-ANAKART.jpg\" class=\"attachment-woocommerce_thumbnail size-woocommerce_thumbnail\" alt=\"ECA Proteus kombi anakart\u0131\" \/><\/div>\n\t\t\t\t\t<div class=\"wc-block-grid__product-title\">E.C.A PROTEUS ANAKARTI<\/div>\n\t\t\t\t<\/a>\n\t\t\t\t<div class=\"wc-block-grid__product-price price\"><del aria-hidden=\"true\"><span class=\"woocommerce-Price-amount amount\"><span class=\"woocommerce-Price-currencySymbol\">&#8378;<\/span>3.000,00<\/span><\/del> <span class=\"screen-reader-text\">Orijinal fiyat: &#8378;3.000,00.<\/span><ins aria-hidden=\"true\"><span class=\"woocommerce-Price-amount amount\"><span class=\"woocommerce-Price-currencySymbol\">&#8378;<\/span>2.150,00<\/span><\/ins><span class=\"screen-reader-text\">\u015eu andaki fiyat: &#8378;2.150,00.<\/span><\/div>\n\t\t\t\t\n\t\t\t\t<div class=\"wp-block-button wc-block-grid__product-add-to-cart\"><a href=\"\/index.php?rest_route=%2Fwp%2Fv2%2Fpages%2F10&#038;add-to-cart=24\" aria-label=\"Sepete ekle: \u201cE.C.A PROTEUS ANAKARTI\u201d\" data-quantity=\"1\" data-product_id=\"24\" data-product_sku=\"\" data-price=\"2150\" rel=\"nofollow\" class=\"wp-block-button__link wp-element-button add_to_cart_button ajax_add_to_cart\">Sepete Ekle<\/a><\/div>\n\t\t\t<\/li><li class=\"wc-block-grid__product\">\n\t\t\t\t<a href=\"https:\/\/ilgikombiyedekparca.com\/?product=e-c-a-proteus-anakarti\" class=\"wc-block-grid__product-link\">\n\t\t\t\t\t<div class=\"wc-block-grid__product-onsale\">\n\t\t\t<span aria-hidden=\"true\">\u0130ndirim<\/span>\n\t\t\t<span class=\"screen-reader-text\">\u0130ndirimdeki \u00fcr\u00fcn<\/span>\n\t\t<\/div>\n\t\t\t\t\t<div class=\"wc-block-grid__product-image\"><img loading=\"lazy\" decoding=\"async\" width=\"300\" height=\"300\" src=\"https:\/\/ilgikombiyedekparca.com\/wp-content\/uploads\/2026\/05\/eca-proteus-plus-anakart-300x300.jpg\" class=\"attachment-woocommerce_thumbnail size-woocommerce_thumbnail\" alt=\"Eca proteus plus kombi anakart\u0131\" srcset=\"https:\/\/ilgikombiyedekparca.com\/wp-content\/uploads\/2026\/05\/eca-proteus-plus-anakart-300x300.jpg 300w, https:\/\/ilgikombiyedekparca.com\/wp-content\/uploads\/2026\/05\/eca-proteus-plus-anakart-150x150.jpg 150w, https:\/\/ilgikombiyedekparca.com\/wp-content\/uploads\/2026\/05\/eca-proteus-plus-anakart-768x768.jpg 768w, https:\/\/ilgikombiyedekparca.com\/wp-content\/uploads\/2026\/05\/eca-proteus-plus-anakart-600x600.jpg 600w, https:\/\/ilgikombiyedekparca.com\/wp-content\/uploads\/2026\/05\/eca-proteus-plus-anakart-100x100.jpg 100w, https:\/\/ilgikombiyedekparca.com\/wp-content\/uploads\/2026\/05\/eca-proteus-plus-anakart.jpg 1000w\" sizes=\"auto, (max-width: 300px) 100vw, 300px\" \/><\/div>\n\t\t\t\t\t<div class=\"wc-block-grid__product-title\">E.c.a Proteus Anakart\u0131<\/div>\n\t\t\t\t<\/a>\n\t\t\t\t<div class=\"wc-block-grid__product-price price\"><del aria-hidden=\"true\"><span class=\"woocommerce-Price-amount amount\"><span class=\"woocommerce-Price-currencySymbol\">&#8378;<\/span>3.200,00<\/span><\/del> <span class=\"screen-reader-text\">Orijinal fiyat: &#8378;3.200,00.<\/span><ins aria-hidden=\"true\"><span class=\"woocommerce-Price-amount amount\"><span class=\"woocommerce-Price-currencySymbol\">&#8378;<\/span>2.800,00<\/span><\/ins><span class=\"screen-reader-text\">\u015eu andaki fiyat: &#8378;2.800,00.<\/span><\/div>\n\t\t\t\t\n\t\t\t\t<div class=\"wp-block-button wc-block-grid__product-add-to-cart\"><a href=\"\/index.php?rest_route=%2Fwp%2Fv2%2Fpages%2F10&#038;add-to-cart=21\" aria-label=\"Sepete ekle: \u201cE.c.a Proteus Anakart\u0131\u201d\" data-quantity=\"1\" data-product_id=\"21\" data-product_sku=\"\" data-price=\"2800\" rel=\"nofollow\" class=\"wp-block-button__link wp-element-button add_to_cart_button ajax_add_to_cart\">Sepete Ekle<\/a><\/div>\n\t\t\t<\/li><\/ul><\/div><\/div>\n<\/div>\n","protected":false},"excerpt":{"rendered":"","protected":false},"author":1,"featured_media":0,"parent":0,"menu_order":0,"comment_status":"closed","ping_status":"closed","template":"","meta":{"_joinchat":[],"footnotes":""},"class_list":["post-10","page","type-page","status-publish","hentry"],"_links":{"self":[{"href":"https:\/\/ilgikombiyedekparca.com\/index.php?rest_route=\/wp\/v2\/pages\/10","targetHints":{"allow":["GET"]}}],"collection":[{"href":"https:\/\/ilgikombiyedekparca.com\/index.php?rest_route=\/wp\/v2\/pages"}],"about":[{"href":"https:\/\/ilgikombiyedekparca.com\/index.php?rest_route=\/wp\/v2\/types\/page"}],"author":[{"embeddable":true,"href":"https:\/\/ilgikombiyedekparca.com\/index.php?rest_route=\/wp\/v2\/users\/1"}],"replies":[{"embeddable":true,"href":"https:\/\/ilgikombiyedekparca.com\/index.php?rest_route=%2Fwp%2Fv2%2Fcomments&post=10"}],"version-history":[{"count":1,"href":"https:\/\/ilgikombiyedekparca.com\/index.php?rest_route=\/wp\/v2\/pages\/10\/revisions"}],"predecessor-version":[{"id":14,"href":"https:\/\/ilgikombiyedekparca.com\/index.php?rest_route=\/wp\/v2\/pages\/10\/revisions\/14"}],"wp:attachment":[{"href":"https:\/\/ilgikombiyedekparca.com\/index.php?rest_route=%2Fwp%2Fv2%2Fmedia&parent=10"}],"curies":[{"name":"wp","href":"https:\/\/api.w.org\/{rel}","templated":true}]}}